{"id":4882,"date":"2026-03-31T15:34:56","date_gmt":"2026-03-31T13:34:56","guid":{"rendered":"https:\/\/capsfoodsystemses.com\/?post_type=product&#038;p=4882"},"modified":"2026-04-02T14:30:47","modified_gmt":"2026-04-02T12:30:47","slug":"pack-aperitivo-perlas-de-salmon-y-esturion-3-x-100-g","status":"publish","type":"product","link":"https:\/\/capsfoodsystemses.com\/es\/product\/pack-aperitivo-perlas-de-salmon-y-esturion-3-x-100-g\/","title":{"rendered":"Pack Aperitivo \u2013 Perlas de Salm\u00f3n y Esturi\u00f3n (3 x 100 g)"},"content":{"rendered":"<p data-start=\"288\" data-end=\"582\"><strong data-start=\"288\" data-end=\"314\">Pack aperitivo gourmet<\/strong> con <strong data-start=\"319\" data-end=\"360\">perlas de salm\u00f3n y perlas de esturi\u00f3n<\/strong>, ideal para <strong data-start=\"373\" data-end=\"404\">tapas, canap\u00e9s y aperitivos<\/strong>.<br data-start=\"405\" data-end=\"408\" \/>El set incluye <strong data-start=\"423\" data-end=\"464\">2 tarros de 100 g de perlas de salm\u00f3n<\/strong> y <strong data-start=\"467\" data-end=\"509\">1 tarro de 100 g de perlas de esturi\u00f3n<\/strong>, una alternativa elegante al caviar tradicional perfecta para compartir.<\/p>\n<p data-start=\"584\" data-end=\"706\">Estas <strong data-start=\"590\" data-end=\"624\">perlas sabor salm\u00f3n y esturi\u00f3n<\/strong> aportan textura, brillo y sabor delicado a platos fr\u00edos, tapas y recetas gourmet.<\/p>\n<hr data-start=\"708\" data-end=\"711\" \/>\n<h2 data-section-id=\"4zdb77\" data-start=\"713\" data-end=\"742\">\ud83d\udc1f Ingredientes de calidad<\/h2>\n<p data-start=\"743\" data-end=\"857\">Las perlas est\u00e1n elaboradas <strong data-start=\"771\" data-end=\"801\">a base de caldo de pescado<\/strong>, lo que permite obtener un sabor natural y equilibrado.<\/p>\n<p data-start=\"859\" data-end=\"998\">\u2714 contienen <strong data-start=\"871\" data-end=\"882\">Omega-3<\/strong><br data-start=\"882\" data-end=\"885\" \/>\u2714 <strong data-start=\"887\" data-end=\"919\">sin aromatizantes sint\u00e9ticos<\/strong><br data-start=\"919\" data-end=\"922\" \/>\u2714 <strong data-start=\"924\" data-end=\"955\">sin colorantes artificiales<\/strong><br data-start=\"955\" data-end=\"958\" \/>\u2714 <strong data-start=\"960\" data-end=\"976\">sin gelatina<\/strong><br data-start=\"976\" data-end=\"979\" \/>\u2714 <strong data-start=\"981\" data-end=\"998\">sin agar-agar<\/strong><\/p>\n<p data-start=\"1000\" data-end=\"1113\">Gracias a su composici\u00f3n, son una <strong data-start=\"1034\" data-end=\"1076\">alternativa ligera y moderna al caviar<\/strong>, perfecta para gastronom\u00eda creativa.<\/p>\n<hr data-start=\"1115\" data-end=\"1118\" \/>\n<h2 data-section-id=\"7x5iuk\" data-start=\"1120\" data-end=\"1158\">\ud83c\udf7d Perfecto para tapas y aperitivos<\/h2>\n<hr data-start=\"1446\" data-end=\"1449\" \/>\n<h2 data-section-id=\"1pspinp\" data-start=\"1451\" data-end=\"1475\">\ud83d\udce6 Contenido del pack<\/h2>\n<ul data-start=\"1476\" data-end=\"1551\">\n<li data-section-id=\"1lsc8ng\" data-start=\"1476\" data-end=\"1512\">2 \u00d7 <strong data-start=\"1482\" data-end=\"1510\">Perlas de salm\u00f3n (100 g)<\/strong><\/li>\n<li data-section-id=\"1tma86o\" data-start=\"1513\" data-end=\"1551\">1 \u00d7 <strong data-start=\"1519\" data-end=\"1549\">Perlas de esturi\u00f3n (100 g)<\/strong><\/li>\n<\/ul>\n<p data-start=\"1553\" data-end=\"1602\">Total: <strong data-start=\"1560\" data-end=\"1602\">300 g de perlas gourmet para aperitivo<\/strong><\/p>\n<hr data-start=\"1604\" data-end=\"1607\" \/>\n<h2 data-section-id=\"19jsobh\" data-start=\"1609\" data-end=\"1660\">\u2b50 Alternativa al caviar para gastronom\u00eda moderna<\/h2>\n","protected":false},"excerpt":{"rendered":"<p>Pack aperitivo gourmet con perlas de salm\u00f3n y perlas de esturi\u00f3n, ideal para tapas, canap\u00e9s y aperitivos.El set incluye 2 tarros de 100 g de perlas de salm\u00f3n y 1 tarro de 100 g de perlas de esturi\u00f3n, una alternativa elegante al caviar tradicional perfecta para compartir. Estas perlas sabor salm\u00f3n y esturi\u00f3n aportan textura, [&hellip;]<\/p>\n","protected":false},"featured_media":4933,"comment_status":"open","ping_status":"closed","template":"","meta":[],"product_brand":[],"product_cat":[112],"product_tag":[],"class_list":{"0":"post-4882","1":"product","2":"type-product","3":"status-publish","4":"has-post-thumbnail","6":"product_cat-caviar-pearls-es","8":"first","9":"instock","10":"sale","11":"shipping-taxable","12":"purchasable","13":"product-type-simple"},"acf":[],"_links":{"self":[{"href":"https:\/\/capsfoodsystemses.com\/es\/wp-json\/wp\/v2\/product\/4882","targetHints":{"allow":["GET"]}}],"collection":[{"href":"https:\/\/capsfoodsystemses.com\/es\/wp-json\/wp\/v2\/product"}],"about":[{"href":"https:\/\/capsfoodsystemses.com\/es\/wp-json\/wp\/v2\/types\/product"}],"replies":[{"embeddable":true,"href":"https:\/\/capsfoodsystemses.com\/es\/wp-json\/wp\/v2\/comments?post=4882"}],"wp:featuredmedia":[{"embeddable":true,"href":"https:\/\/capsfoodsystemses.com\/es\/wp-json\/wp\/v2\/media\/4933"}],"wp:attachment":[{"href":"https:\/\/capsfoodsystemses.com\/es\/wp-json\/wp\/v2\/media?parent=4882"}],"wp:term":[{"taxonomy":"product_brand","embeddable":true,"href":"https:\/\/capsfoodsystemses.com\/es\/wp-json\/wp\/v2\/product_brand?post=4882"},{"taxonomy":"product_cat","embeddable":true,"href":"https:\/\/capsfoodsystemses.com\/es\/wp-json\/wp\/v2\/product_cat?post=4882"},{"taxonomy":"product_tag","embeddable":true,"href":"https:\/\/capsfoodsystemses.com\/es\/wp-json\/wp\/v2\/product_tag?post=4882"}],"curies":[{"name":"wp","href":"https:\/\/api.w.org\/{rel}","templated":true}]}}