{"id":4057,"date":"2025-04-30T19:20:47","date_gmt":"2025-04-30T17:20:47","guid":{"rendered":"https:\/\/capsfoodsystemses.com\/?post_type=product&#038;p=4057"},"modified":"2025-05-03T17:04:53","modified_gmt":"2025-05-03T15:04:53","slug":"perlas-de-cereza-100g","status":"publish","type":"product","link":"https:\/\/capsfoodsystemses.com\/es\/product\/perlas-de-cereza-100g\/","title":{"rendered":"Perlas de CEREZA"},"content":{"rendered":"<p>Disfruta de nuestras Perlas de CEREZA elaboradas con pur\u00e9 y jugo natural de cereza. Perfectas para bebidas, bubble tea, postres, yogures y desayunos infantiles. Su textura jugosa y su sabor aut\u00e9ntico aportan un toque divertido y delicioso a cualquier creaci\u00f3n. A\u00f1ade color, frescura y sabor natural con nuestras irresistibles perlas de frutas.<\/p>\n","protected":false},"excerpt":{"rendered":"<p>Disfruta de nuestras Perlas de CEREZA elaboradas con pur\u00e9 y jugo natural de cereza. Perfectas para bebidas, bubble tea, postres, yogures y desayunos infantiles. Su textura jugosa y su sabor aut\u00e9ntico aportan un toque divertido y delicioso a cualquier creaci\u00f3n. A\u00f1ade color, frescura y sabor natural con nuestras irresistibles perlas de frutas.<\/p>\n","protected":false},"featured_media":4062,"comment_status":"closed","ping_status":"closed","template":"","meta":[],"product_brand":[],"product_cat":[148],"product_tag":[199,198],"class_list":{"0":"post-4057","1":"product","2":"type-product","3":"status-publish","4":"has-post-thumbnail","6":"product_cat-fruit-pearls-es","7":"product_tag-bubble-tea-drink","8":"product_tag-perlas-de-frutos","10":"first","11":"instock","12":"shipping-taxable","13":"purchasable","14":"product-type-variable"},"acf":[],"_links":{"self":[{"href":"https:\/\/capsfoodsystemses.com\/es\/wp-json\/wp\/v2\/product\/4057","targetHints":{"allow":["GET"]}}],"collection":[{"href":"https:\/\/capsfoodsystemses.com\/es\/wp-json\/wp\/v2\/product"}],"about":[{"href":"https:\/\/capsfoodsystemses.com\/es\/wp-json\/wp\/v2\/types\/product"}],"replies":[{"embeddable":true,"href":"https:\/\/capsfoodsystemses.com\/es\/wp-json\/wp\/v2\/comments?post=4057"}],"wp:featuredmedia":[{"embeddable":true,"href":"https:\/\/capsfoodsystemses.com\/es\/wp-json\/wp\/v2\/media\/4062"}],"wp:attachment":[{"href":"https:\/\/capsfoodsystemses.com\/es\/wp-json\/wp\/v2\/media?parent=4057"}],"wp:term":[{"taxonomy":"product_brand","embeddable":true,"href":"https:\/\/capsfoodsystemses.com\/es\/wp-json\/wp\/v2\/product_brand?post=4057"},{"taxonomy":"product_cat","embeddable":true,"href":"https:\/\/capsfoodsystemses.com\/es\/wp-json\/wp\/v2\/product_cat?post=4057"},{"taxonomy":"product_tag","embeddable":true,"href":"https:\/\/capsfoodsystemses.com\/es\/wp-json\/wp\/v2\/product_tag?post=4057"}],"curies":[{"name":"wp","href":"https:\/\/api.w.org\/{rel}","templated":true}]}}