{"id":4028,"date":"2025-04-29T16:29:34","date_gmt":"2025-04-29T14:29:34","guid":{"rendered":"https:\/\/capsfoodsystemses.com\/?post_type=product&#038;p=4028"},"modified":"2025-04-30T15:52:25","modified_gmt":"2025-04-30T13:52:25","slug":"perlas-de-crema-de-fresa-100-g-x-5-perlas-de-crema-de-chocolate-100-g-de-regalo","status":"publish","type":"product","link":"https:\/\/capsfoodsystemses.com\/es\/product\/perlas-de-crema-de-fresa-100-g-x-5-perlas-de-crema-de-chocolate-100-g-de-regalo\/","title":{"rendered":"Perlas de CREMA de FRESA 100 g x 5 + Perlas de CREMA de CHOCOLATE 100 g de regalo"},"content":{"rendered":"<p>\u00a1Oferta especial! Compra 5 tarros de Perlas de CREMA de FRESA y recibe de regalo Perlas de CREMA de CHOCOLATE . Nuestras perlas cremosas son una soluci\u00f3n innovadora en la industria l\u00e1ctea, que ofrece una nueva perspectiva a los cl\u00e1sicos batidos de leche con rellenos. Cada perla es una combinaci\u00f3n perfecta de suave sabor l\u00e1cteo con intensas notas de fresa o chocolate, recordando el sabor del helado. Son ideales como perlas para bubble tea, perlas para bebidas, perlas para postres, yogures, desayunos infantiles, para helados y otras recetas.<\/p>\n<p>Perlas de CREMA de FRESA 100 g x 5 + Perlas de CREMA de CHOCOLATE 100 g de regalo<br \/>\n5\u0445100 g Perlas de CREMA de FRESA<br \/>\n1&#215;100 g Perlas de CREMA de CHOCOLATE 100 g de regalo<\/p>\n","protected":false},"excerpt":{"rendered":"<p>\u00a1Oferta especial! Compra 5 tarros de Perlas de CREMA de FRESA y recibe de regalo Perlas de CREMA de CHOCOLATE . Nuestras perlas cremosas son una soluci\u00f3n innovadora en la industria l\u00e1ctea, que ofrece una nueva perspectiva a los cl\u00e1sicos batidos de leche con rellenos. Cada perla es una combinaci\u00f3n perfecta de suave sabor l\u00e1cteo [&hellip;]<\/p>\n","protected":false},"featured_media":4039,"comment_status":"closed","ping_status":"closed","template":"","meta":[],"product_brand":[],"product_cat":[149],"product_tag":[222,223],"class_list":{"0":"post-4028","1":"product","2":"type-product","3":"status-publish","4":"has-post-thumbnail","6":"product_cat-milk-pearls-es","7":"product_tag-complementos-para-bebidas","8":"product_tag-gourmet-cafe","10":"first","11":"instock","12":"sale","13":"shipping-taxable","14":"purchasable","15":"product-type-simple"},"acf":[],"_links":{"self":[{"href":"https:\/\/capsfoodsystemses.com\/es\/wp-json\/wp\/v2\/product\/4028","targetHints":{"allow":["GET"]}}],"collection":[{"href":"https:\/\/capsfoodsystemses.com\/es\/wp-json\/wp\/v2\/product"}],"about":[{"href":"https:\/\/capsfoodsystemses.com\/es\/wp-json\/wp\/v2\/types\/product"}],"replies":[{"embeddable":true,"href":"https:\/\/capsfoodsystemses.com\/es\/wp-json\/wp\/v2\/comments?post=4028"}],"wp:featuredmedia":[{"embeddable":true,"href":"https:\/\/capsfoodsystemses.com\/es\/wp-json\/wp\/v2\/media\/4039"}],"wp:attachment":[{"href":"https:\/\/capsfoodsystemses.com\/es\/wp-json\/wp\/v2\/media?parent=4028"}],"wp:term":[{"taxonomy":"product_brand","embeddable":true,"href":"https:\/\/capsfoodsystemses.com\/es\/wp-json\/wp\/v2\/product_brand?post=4028"},{"taxonomy":"product_cat","embeddable":true,"href":"https:\/\/capsfoodsystemses.com\/es\/wp-json\/wp\/v2\/product_cat?post=4028"},{"taxonomy":"product_tag","embeddable":true,"href":"https:\/\/capsfoodsystemses.com\/es\/wp-json\/wp\/v2\/product_tag?post=4028"}],"curies":[{"name":"wp","href":"https:\/\/api.w.org\/{rel}","templated":true}]}}