{"id":4012,"date":"2025-04-29T16:12:13","date_gmt":"2025-04-29T14:12:13","guid":{"rendered":"https:\/\/capsfoodsystemses.com\/?post_type=product&#038;p=4012"},"modified":"2025-04-30T15:52:03","modified_gmt":"2025-04-30T13:52:03","slug":"perlas-de-crema-de-vainilla-100-g-x-5-perlas-de-crema-de-fresa-100-g-de-regalo","status":"publish","type":"product","link":"https:\/\/capsfoodsystemses.com\/es\/product\/perlas-de-crema-de-vainilla-100-g-x-5-perlas-de-crema-de-fresa-100-g-de-regalo\/","title":{"rendered":"Perlas de CREMA de VAINILLA 100 g x 5 + Perlas de CREMA de FRESA 100 g de regalo"},"content":{"rendered":"<p>\u00a1Oferta especial! Compra 5 tarros de Perlas de CREMA de VAINILLA y recibe de regalo Perlas de CREMA de FRESA. Nuestras perlas cremosas son una soluci\u00f3n innovadora en la industria l\u00e1ctea que ofrece una nueva perspectiva a los batidos cl\u00e1sicos con rellenos. Cada perla es una combinaci\u00f3n perfecta del suave sabor l\u00e1cteo con intensas notas de vainilla o fresa, recordando el sabor del helado. Son ideales como perlas para bubble tea, perlas para bebidas, perlas para postres, yogures, desayunos infantiles, para helados y m\u00e1s.<\/p>\n<p>Perlas de CREMA de VAINILLA 100 g x 5 + Perlas de CREMA de FRESA 100 g de regalo<br \/>\n5\u0445100 g Perlas de CREMA de VAINILLA<br \/>\n1&#215;100 g Perlas de CREMA de FRESA 100 g de regalo<\/p>\n","protected":false},"excerpt":{"rendered":"<p>\u00a1Oferta especial! Compra 5 tarros de Perlas de CREMA de VAINILLA y recibe de regalo Perlas de CREMA de FRESA. Nuestras perlas cremosas son una soluci\u00f3n innovadora en la industria l\u00e1ctea que ofrece una nueva perspectiva a los batidos cl\u00e1sicos con rellenos. Cada perla es una combinaci\u00f3n perfecta del suave sabor l\u00e1cteo con intensas notas [&hellip;]<\/p>\n","protected":false},"featured_media":4017,"comment_status":"closed","ping_status":"closed","template":"","meta":[],"product_brand":[],"product_cat":[149],"product_tag":[217,218],"class_list":{"0":"post-4012","1":"product","2":"type-product","3":"status-publish","4":"has-post-thumbnail","6":"product_cat-milk-pearls-es","7":"product_tag-accesorios-para-baristas","8":"product_tag-ingredientes-para-cafe","10":"first","11":"instock","12":"sale","13":"shipping-taxable","14":"purchasable","15":"product-type-simple"},"acf":[],"_links":{"self":[{"href":"https:\/\/capsfoodsystemses.com\/es\/wp-json\/wp\/v2\/product\/4012","targetHints":{"allow":["GET"]}}],"collection":[{"href":"https:\/\/capsfoodsystemses.com\/es\/wp-json\/wp\/v2\/product"}],"about":[{"href":"https:\/\/capsfoodsystemses.com\/es\/wp-json\/wp\/v2\/types\/product"}],"replies":[{"embeddable":true,"href":"https:\/\/capsfoodsystemses.com\/es\/wp-json\/wp\/v2\/comments?post=4012"}],"wp:featuredmedia":[{"embeddable":true,"href":"https:\/\/capsfoodsystemses.com\/es\/wp-json\/wp\/v2\/media\/4017"}],"wp:attachment":[{"href":"https:\/\/capsfoodsystemses.com\/es\/wp-json\/wp\/v2\/media?parent=4012"}],"wp:term":[{"taxonomy":"product_brand","embeddable":true,"href":"https:\/\/capsfoodsystemses.com\/es\/wp-json\/wp\/v2\/product_brand?post=4012"},{"taxonomy":"product_cat","embeddable":true,"href":"https:\/\/capsfoodsystemses.com\/es\/wp-json\/wp\/v2\/product_cat?post=4012"},{"taxonomy":"product_tag","embeddable":true,"href":"https:\/\/capsfoodsystemses.com\/es\/wp-json\/wp\/v2\/product_tag?post=4012"}],"curies":[{"name":"wp","href":"https:\/\/api.w.org\/{rel}","templated":true}]}}