{"id":3977,"date":"2025-04-29T13:44:59","date_gmt":"2025-04-29T11:44:59","guid":{"rendered":"https:\/\/capsfoodsystemses.com\/?post_type=product&#038;p=3977"},"modified":"2025-04-30T15:49:22","modified_gmt":"2025-04-30T13:49:22","slug":"perlas-de-mango-maracuya-100-g-x-5-perlas-de-lima-limon-100-g-de-regalo","status":"publish","type":"product","link":"https:\/\/capsfoodsystemses.com\/es\/product\/perlas-de-mango-maracuya-100-g-x-5-perlas-de-lima-limon-100-g-de-regalo\/","title":{"rendered":"Perlas de MANGO-MARACUY\u00c1 100 g x 5 + Perlas de lima-lim\u00f3n 100 g de regalo"},"content":{"rendered":"<p>\u00a1Oferta especial! Compra 5 tarros de Perlas de MANGO-MARACUY\u00c1 y recibe de regaloPerlas de lima-lim\u00f3n. Nuestras perlas de frutas est\u00e1n elaboradas a base de jugo y pur\u00e9 de frutas naturales, sin aditivos artificiales. Son ideales como perlas para bubble tea, perlas para bebidas, postres, yogures y desayunos infantiles. El sabor jugoso y la textura natural de nuestras perlas aportar\u00e1n a tus creaciones frescura y un toque vibrante.<\/p>\n<p>Perlas de MANGO-MARACUY\u00c1 100 g x 5 + Perlas de lima-lim\u00f3n 100 g de regalo<br \/>\n5\u0445100 g Perlas de MANGO-MARACUY\u00c1<br \/>\n1&#215;100 g Perlas de lima-lim\u00f3n 100 g de regalo<\/p>\n","protected":false},"excerpt":{"rendered":"<p>\u00a1Oferta especial! Compra 5 tarros de Perlas de MANGO-MARACUY\u00c1 y recibe de regaloPerlas de lima-lim\u00f3n. Nuestras perlas de frutas est\u00e1n elaboradas a base de jugo y pur\u00e9 de frutas naturales, sin aditivos artificiales. Son ideales como perlas para bubble tea, perlas para bebidas, postres, yogures y desayunos infantiles. El sabor jugoso y la textura natural [&hellip;]<\/p>\n","protected":false},"featured_media":3990,"comment_status":"open","ping_status":"closed","template":"","meta":[],"product_brand":[],"product_cat":[148],"product_tag":[],"class_list":{"0":"post-3977","1":"product","2":"type-product","3":"status-publish","4":"has-post-thumbnail","6":"product_cat-fruit-pearls-es","8":"first","9":"instock","10":"sale","11":"shipping-taxable","12":"purchasable","13":"product-type-simple"},"acf":[],"_links":{"self":[{"href":"https:\/\/capsfoodsystemses.com\/es\/wp-json\/wp\/v2\/product\/3977","targetHints":{"allow":["GET"]}}],"collection":[{"href":"https:\/\/capsfoodsystemses.com\/es\/wp-json\/wp\/v2\/product"}],"about":[{"href":"https:\/\/capsfoodsystemses.com\/es\/wp-json\/wp\/v2\/types\/product"}],"replies":[{"embeddable":true,"href":"https:\/\/capsfoodsystemses.com\/es\/wp-json\/wp\/v2\/comments?post=3977"}],"wp:featuredmedia":[{"embeddable":true,"href":"https:\/\/capsfoodsystemses.com\/es\/wp-json\/wp\/v2\/media\/3990"}],"wp:attachment":[{"href":"https:\/\/capsfoodsystemses.com\/es\/wp-json\/wp\/v2\/media?parent=3977"}],"wp:term":[{"taxonomy":"product_brand","embeddable":true,"href":"https:\/\/capsfoodsystemses.com\/es\/wp-json\/wp\/v2\/product_brand?post=3977"},{"taxonomy":"product_cat","embeddable":true,"href":"https:\/\/capsfoodsystemses.com\/es\/wp-json\/wp\/v2\/product_cat?post=3977"},{"taxonomy":"product_tag","embeddable":true,"href":"https:\/\/capsfoodsystemses.com\/es\/wp-json\/wp\/v2\/product_tag?post=3977"}],"curies":[{"name":"wp","href":"https:\/\/api.w.org\/{rel}","templated":true}]}}