{"id":3689,"date":"2024-11-05T16:29:36","date_gmt":"2024-11-05T15:29:36","guid":{"rendered":"https:\/\/capsfoodsystemses.com\/?post_type=product&#038;p=3689"},"modified":"2025-05-05T13:42:22","modified_gmt":"2025-05-05T11:42:22","slug":"perlas-de-esturion-100g-5-1","status":"publish","type":"product","link":"https:\/\/capsfoodsystemses.com\/es\/product\/perlas-de-esturion-100g-5-1\/","title":{"rendered":"Perlas de ESTURI\u00d3N 100 g 5+1"},"content":{"rendered":"<p>Oferta promocional: compra 5 frascos de Perlas de ESTURI\u00d3N y recibe el sexto de regalo. Nuestro caviar encapsulado es una nueva alternativa al caviar natural, que no tiene una base gelatinosa, como muchos de ustedes est\u00e1n acostumbrados. Cada perla de nuestro producto estalla, revelando el exquisito sabor del caviar de esturi\u00f3n, enriquecido con OMEGA 3<\/p>\n<p>Perlas con interior l\u00edquido de unos 3 mm de di\u00e1metro a base de salm\u00f3n y esturi\u00f3n. Con un sabor y textura muy similares a las huevas naturales de salm\u00f3n, nuestras perlas son una alternativa econ\u00f3mica perfecta a estas para recetas y canap\u00e9s<\/p>\n<p>Perlas de ESTURI\u00d3N 100 g 5+1<br \/>\n5\u0445100 g Perlas de ESTURI\u00d3N<br \/>\n1&#215;100 g Perlas de\u00a0ESTURI\u00d3N\u00a0GRATIS<\/p>\n","protected":false},"excerpt":{"rendered":"<p>Oferta promocional: compra 5 frascos de Perlas de ESTURI\u00d3N y recibe el sexto de regalo. Nuestro caviar encapsulado es una nueva alternativa al caviar natural, que no tiene una base gelatinosa, como muchos de ustedes est\u00e1n acostumbrados. Cada perla de nuestro producto estalla, revelando el exquisito sabor del caviar de esturi\u00f3n, enriquecido con OMEGA 3 [&hellip;]<\/p>\n","protected":false},"featured_media":3665,"comment_status":"open","ping_status":"closed","template":"","meta":[],"product_brand":[],"product_cat":[112],"product_tag":[],"class_list":{"0":"post-3689","1":"product","2":"type-product","3":"status-publish","4":"has-post-thumbnail","6":"product_cat-caviar-pearls-es","8":"first","9":"instock","10":"sale","11":"shipping-taxable","12":"purchasable","13":"product-type-simple"},"acf":[],"_links":{"self":[{"href":"https:\/\/capsfoodsystemses.com\/es\/wp-json\/wp\/v2\/product\/3689","targetHints":{"allow":["GET"]}}],"collection":[{"href":"https:\/\/capsfoodsystemses.com\/es\/wp-json\/wp\/v2\/product"}],"about":[{"href":"https:\/\/capsfoodsystemses.com\/es\/wp-json\/wp\/v2\/types\/product"}],"replies":[{"embeddable":true,"href":"https:\/\/capsfoodsystemses.com\/es\/wp-json\/wp\/v2\/comments?post=3689"}],"wp:featuredmedia":[{"embeddable":true,"href":"https:\/\/capsfoodsystemses.com\/es\/wp-json\/wp\/v2\/media\/3665"}],"wp:attachment":[{"href":"https:\/\/capsfoodsystemses.com\/es\/wp-json\/wp\/v2\/media?parent=3689"}],"wp:term":[{"taxonomy":"product_brand","embeddable":true,"href":"https:\/\/capsfoodsystemses.com\/es\/wp-json\/wp\/v2\/product_brand?post=3689"},{"taxonomy":"product_cat","embeddable":true,"href":"https:\/\/capsfoodsystemses.com\/es\/wp-json\/wp\/v2\/product_cat?post=3689"},{"taxonomy":"product_tag","embeddable":true,"href":"https:\/\/capsfoodsystemses.com\/es\/wp-json\/wp\/v2\/product_tag?post=3689"}],"curies":[{"name":"wp","href":"https:\/\/api.w.org\/{rel}","templated":true}]}}