{"id":2806,"date":"2024-02-13T15:36:08","date_gmt":"2024-02-13T14:36:08","guid":{"rendered":"https:\/\/capsfoodsystemses.com\/product\/cream-chocolate-pearls-l-in-doypack\/"},"modified":"2025-05-06T15:12:16","modified_gmt":"2025-05-06T13:12:16","slug":"perlas-creama-chocolate-l-doypack","status":"publish","type":"product","link":"https:\/\/capsfoodsystemses.com\/es\/product\/perlas-creama-chocolate-l-doypack\/","title":{"rendered":"Perlas de CREMA de CHOCOLATE pasteurizadas"},"content":{"rendered":"<p>Una nueva soluci\u00f3n en la industria l\u00e1ctea, una nueva mirada a los batidos con rellenos. MilkES Pearl es un complemento original para postres, c\u00f3cteles y bebidas a base de caf\u00e9. Es una soluci\u00f3n innovadora para la hoster\u00eda, baristas y bartenders.<\/p>\n","protected":false},"excerpt":{"rendered":"<p>Una nueva soluci\u00f3n en la industria l\u00e1ctea, una nueva mirada a los batidos con rellenos. MilkES Pearl es un complemento original para postres, c\u00f3cteles y bebidas a base de caf\u00e9. Es una soluci\u00f3n innovadora para la hoster\u00eda, baristas y bartenders.<\/p>\n","protected":false},"featured_media":3526,"comment_status":"closed","ping_status":"closed","template":"","meta":[],"product_brand":[],"product_cat":[149],"product_tag":[220,221],"class_list":{"0":"post-2806","1":"product","2":"type-product","3":"status-publish","4":"has-post-thumbnail","6":"product_cat-milk-pearls-es","7":"product_tag-alternativas-a-la-leche-para-el-cafe","8":"product_tag-especias-para-cafe-chai","10":"first","11":"instock","12":"shipping-taxable","13":"purchasable","14":"product-type-variable"},"acf":[],"_links":{"self":[{"href":"https:\/\/capsfoodsystemses.com\/es\/wp-json\/wp\/v2\/product\/2806","targetHints":{"allow":["GET"]}}],"collection":[{"href":"https:\/\/capsfoodsystemses.com\/es\/wp-json\/wp\/v2\/product"}],"about":[{"href":"https:\/\/capsfoodsystemses.com\/es\/wp-json\/wp\/v2\/types\/product"}],"replies":[{"embeddable":true,"href":"https:\/\/capsfoodsystemses.com\/es\/wp-json\/wp\/v2\/comments?post=2806"}],"wp:featuredmedia":[{"embeddable":true,"href":"https:\/\/capsfoodsystemses.com\/es\/wp-json\/wp\/v2\/media\/3526"}],"wp:attachment":[{"href":"https:\/\/capsfoodsystemses.com\/es\/wp-json\/wp\/v2\/media?parent=2806"}],"wp:term":[{"taxonomy":"product_brand","embeddable":true,"href":"https:\/\/capsfoodsystemses.com\/es\/wp-json\/wp\/v2\/product_brand?post=2806"},{"taxonomy":"product_cat","embeddable":true,"href":"https:\/\/capsfoodsystemses.com\/es\/wp-json\/wp\/v2\/product_cat?post=2806"},{"taxonomy":"product_tag","embeddable":true,"href":"https:\/\/capsfoodsystemses.com\/es\/wp-json\/wp\/v2\/product_tag?post=2806"}],"curies":[{"name":"wp","href":"https:\/\/api.w.org\/{rel}","templated":true}]}}