{"id":2773,"date":"2024-02-12T18:52:35","date_gmt":"2024-02-12T17:52:35","guid":{"rendered":"https:\/\/capsfoodsystemses.com\/product\/blackcurrant-pearls-l-in-glass\/"},"modified":"2025-04-16T18:33:32","modified_gmt":"2025-04-16T16:33:32","slug":"perlas-grosella-negro-pasteurizadas-l-cristal","status":"publish","type":"product","link":"https:\/\/capsfoodsystemses.com\/es\/product\/perlas-grosella-negro-pasteurizadas-l-cristal\/","title":{"rendered":"Perlas de GROSELLA NEGRA pasteurizadas"},"content":{"rendered":"<p>FruitES es una nueva soluci\u00f3n frut\u00edcola. La encarnaci\u00f3n de las fantas\u00edas gastron\u00f3micas en realidad. La perla FruitES es una explosi\u00f3n jugosa y refrescante de zumos y pur\u00e9s naturales de frutas y bayas.<\/p>\n","protected":false},"excerpt":{"rendered":"<p>FruitES es una nueva soluci\u00f3n frut\u00edcola. La encarnaci\u00f3n de las fantas\u00edas gastron\u00f3micas en realidad. La perla FruitES es una explosi\u00f3n jugosa y refrescante de zumos y pur\u00e9s naturales de frutas y bayas.<\/p>\n","protected":false},"featured_media":3552,"comment_status":"closed","ping_status":"closed","template":"","meta":[],"product_brand":[],"product_cat":[148],"product_tag":[202,224],"class_list":{"0":"post-2773","1":"product","2":"type-product","3":"status-publish","4":"has-post-thumbnail","6":"product_cat-fruit-pearls-es","7":"product_tag-bubble-tea-store","8":"product_tag-te-de-burbujas","10":"first","11":"instock","12":"shipping-taxable","13":"purchasable","14":"product-type-variable"},"acf":[],"_links":{"self":[{"href":"https:\/\/capsfoodsystemses.com\/es\/wp-json\/wp\/v2\/product\/2773","targetHints":{"allow":["GET"]}}],"collection":[{"href":"https:\/\/capsfoodsystemses.com\/es\/wp-json\/wp\/v2\/product"}],"about":[{"href":"https:\/\/capsfoodsystemses.com\/es\/wp-json\/wp\/v2\/types\/product"}],"replies":[{"embeddable":true,"href":"https:\/\/capsfoodsystemses.com\/es\/wp-json\/wp\/v2\/comments?post=2773"}],"wp:featuredmedia":[{"embeddable":true,"href":"https:\/\/capsfoodsystemses.com\/es\/wp-json\/wp\/v2\/media\/3552"}],"wp:attachment":[{"href":"https:\/\/capsfoodsystemses.com\/es\/wp-json\/wp\/v2\/media?parent=2773"}],"wp:term":[{"taxonomy":"product_brand","embeddable":true,"href":"https:\/\/capsfoodsystemses.com\/es\/wp-json\/wp\/v2\/product_brand?post=2773"},{"taxonomy":"product_cat","embeddable":true,"href":"https:\/\/capsfoodsystemses.com\/es\/wp-json\/wp\/v2\/product_cat?post=2773"},{"taxonomy":"product_tag","embeddable":true,"href":"https:\/\/capsfoodsystemses.com\/es\/wp-json\/wp\/v2\/product_tag?post=2773"}],"curies":[{"name":"wp","href":"https:\/\/api.w.org\/{rel}","templated":true}]}}