{"id":2772,"date":"2024-02-12T18:34:55","date_gmt":"2024-02-12T17:34:55","guid":{"rendered":"https:\/\/capsfoodsystemses.com\/product\/strawberry-pearls-l-in-doypack\/"},"modified":"2025-05-06T12:31:13","modified_gmt":"2025-05-06T10:31:13","slug":"perlas-de-fresa-2","status":"publish","type":"product","link":"https:\/\/capsfoodsystemses.com\/es\/product\/perlas-de-fresa-2\/","title":{"rendered":"Perlas de FRESA"},"content":{"rendered":"<p>FruitES es una nueva soluci\u00f3n frut\u00edcola. La encarnaci\u00f3n de las fantas\u00edas gastron\u00f3micas en realidad. La perla FruitES es una explosi\u00f3n jugosa y refrescante de zumos y pur\u00e9s naturales de frutas y bayas.<\/p>\n<p>Descubre nuestras perlas de fruta con interior l\u00edquido, perfectas para bubble tea, yogur, postres, c\u00f3cteles o como un delicioso postre por s\u00ed solas. \u00a1Variedad de sabores, colores y formatos para cada ocasi\u00f3n!<\/p>\n","protected":false},"excerpt":{"rendered":"<p>FruitES es una nueva soluci\u00f3n frut\u00edcola. La encarnaci\u00f3n de las fantas\u00edas gastron\u00f3micas en realidad. La perla FruitES es una explosi\u00f3n jugosa y refrescante de zumos y pur\u00e9s naturales de frutas y bayas. Descubre nuestras perlas de fruta con interior l\u00edquido, perfectas para bubble tea, yogur, postres, c\u00f3cteles o como un delicioso postre por s\u00ed solas. [&hellip;]<\/p>\n","protected":false},"featured_media":3499,"comment_status":"closed","ping_status":"closed","template":"","meta":[],"product_brand":[],"product_cat":[148],"product_tag":[200,201],"class_list":{"0":"post-2772","1":"product","2":"type-product","3":"status-publish","4":"has-post-thumbnail","6":"product_cat-fruit-pearls-es","7":"product_tag-perlas-de-fruta","8":"product_tag-tea-bubble","10":"first","11":"instock","12":"shipping-taxable","13":"purchasable","14":"product-type-variable"},"acf":[],"_links":{"self":[{"href":"https:\/\/capsfoodsystemses.com\/es\/wp-json\/wp\/v2\/product\/2772","targetHints":{"allow":["GET"]}}],"collection":[{"href":"https:\/\/capsfoodsystemses.com\/es\/wp-json\/wp\/v2\/product"}],"about":[{"href":"https:\/\/capsfoodsystemses.com\/es\/wp-json\/wp\/v2\/types\/product"}],"replies":[{"embeddable":true,"href":"https:\/\/capsfoodsystemses.com\/es\/wp-json\/wp\/v2\/comments?post=2772"}],"wp:featuredmedia":[{"embeddable":true,"href":"https:\/\/capsfoodsystemses.com\/es\/wp-json\/wp\/v2\/media\/3499"}],"wp:attachment":[{"href":"https:\/\/capsfoodsystemses.com\/es\/wp-json\/wp\/v2\/media?parent=2772"}],"wp:term":[{"taxonomy":"product_brand","embeddable":true,"href":"https:\/\/capsfoodsystemses.com\/es\/wp-json\/wp\/v2\/product_brand?post=2772"},{"taxonomy":"product_cat","embeddable":true,"href":"https:\/\/capsfoodsystemses.com\/es\/wp-json\/wp\/v2\/product_cat?post=2772"},{"taxonomy":"product_tag","embeddable":true,"href":"https:\/\/capsfoodsystemses.com\/es\/wp-json\/wp\/v2\/product_tag?post=2772"}],"curies":[{"name":"wp","href":"https:\/\/api.w.org\/{rel}","templated":true}]}}