{"id":2766,"date":"2024-02-12T17:52:23","date_gmt":"2024-02-12T16:52:23","guid":{"rendered":"https:\/\/capsfoodsystemses.com\/product\/lemon-pearls-l-in-doypack\/"},"modified":"2025-05-06T13:27:47","modified_gmt":"2025-05-06T11:27:47","slug":"perlas-limon-pasteurizadas-l-doypack","status":"publish","type":"product","link":"https:\/\/capsfoodsystemses.com\/es\/product\/perlas-limon-pasteurizadas-l-doypack\/","title":{"rendered":"Perlas de LIM\u00d3N pasteurizadas"},"content":{"rendered":"<p>FruitES es una nueva soluci\u00f3n frut\u00edcola. La encarnaci\u00f3n de las fantas\u00edas gastron\u00f3micas en realidad. La perla FruitES es una explosi\u00f3n jugosa y refrescante de zumos y pur\u00e9s naturales de frutas y bayas.<\/p>\n","protected":false},"excerpt":{"rendered":"<p>FruitES es una nueva soluci\u00f3n frut\u00edcola. La encarnaci\u00f3n de las fantas\u00edas gastron\u00f3micas en realidad. La perla FruitES es una explosi\u00f3n jugosa y refrescante de zumos y pur\u00e9s naturales de frutas y bayas.<\/p>\n","protected":false},"featured_media":3520,"comment_status":"closed","ping_status":"closed","template":"","meta":[],"product_brand":[],"product_cat":[148],"product_tag":[193,192],"class_list":{"0":"post-2766","1":"product","2":"type-product","3":"status-publish","4":"has-post-thumbnail","6":"product_cat-fruit-pearls-es","7":"product_tag-caviar-citrico-precio","8":"product_tag-fruit-caviar","10":"first","11":"instock","12":"shipping-taxable","13":"purchasable","14":"product-type-variable"},"acf":[],"_links":{"self":[{"href":"https:\/\/capsfoodsystemses.com\/es\/wp-json\/wp\/v2\/product\/2766","targetHints":{"allow":["GET"]}}],"collection":[{"href":"https:\/\/capsfoodsystemses.com\/es\/wp-json\/wp\/v2\/product"}],"about":[{"href":"https:\/\/capsfoodsystemses.com\/es\/wp-json\/wp\/v2\/types\/product"}],"replies":[{"embeddable":true,"href":"https:\/\/capsfoodsystemses.com\/es\/wp-json\/wp\/v2\/comments?post=2766"}],"wp:featuredmedia":[{"embeddable":true,"href":"https:\/\/capsfoodsystemses.com\/es\/wp-json\/wp\/v2\/media\/3520"}],"wp:attachment":[{"href":"https:\/\/capsfoodsystemses.com\/es\/wp-json\/wp\/v2\/media?parent=2766"}],"wp:term":[{"taxonomy":"product_brand","embeddable":true,"href":"https:\/\/capsfoodsystemses.com\/es\/wp-json\/wp\/v2\/product_brand?post=2766"},{"taxonomy":"product_cat","embeddable":true,"href":"https:\/\/capsfoodsystemses.com\/es\/wp-json\/wp\/v2\/product_cat?post=2766"},{"taxonomy":"product_tag","embeddable":true,"href":"https:\/\/capsfoodsystemses.com\/es\/wp-json\/wp\/v2\/product_tag?post=2766"}],"curies":[{"name":"wp","href":"https:\/\/api.w.org\/{rel}","templated":true}]}}