{"id":2692,"date":"2024-02-12T12:04:50","date_gmt":"2024-02-12T10:04:50","guid":{"rendered":"https:\/\/capsfoodsystemses.com\/product\/gold-algae-tobi-caps-pearls-s-in-doypack\/"},"modified":"2024-04-22T23:29:56","modified_gmt":"2024-04-22T20:29:56","slug":"algas-tobi-caps-perlas-doradas-s-doypack","status":"publish","type":"product","link":"https:\/\/capsfoodsystemses.com\/es\/product\/algas-tobi-caps-perlas-doradas-s-doypack\/","title":{"rendered":"ALGAS TOBI-CAPS perlas DORADAS"},"content":{"rendered":"<p>No solo es una alternativa vegana a las huevas de pescado, sino tambi\u00e9n una fuente natural de vitaminas y minerales. El sabor y la estructura del caviar te sorprender\u00e1n por su similitud con el caviar tradicional y no te dejar\u00e1n indiferente.<\/p>\n","protected":false},"excerpt":{"rendered":"<p>No solo es una alternativa vegana a las huevas de pescado, sino tambi\u00e9n una fuente natural de vitaminas y minerales. El sabor y la estructura del caviar te sorprender\u00e1n por su similitud con el caviar tradicional y no te dejar\u00e1n indiferente.<\/p>\n","protected":false},"featured_media":1118,"comment_status":"closed","ping_status":"closed","template":"","meta":[],"product_brand":[],"product_cat":[152],"product_tag":[],"class_list":{"0":"post-2692","1":"product","2":"type-product","3":"status-publish","4":"has-post-thumbnail","6":"product_cat-vegan-pearls-es","8":"first","9":"outofstock","10":"shipping-taxable","11":"product-type-variable"},"acf":[],"_links":{"self":[{"href":"https:\/\/capsfoodsystemses.com\/es\/wp-json\/wp\/v2\/product\/2692","targetHints":{"allow":["GET"]}}],"collection":[{"href":"https:\/\/capsfoodsystemses.com\/es\/wp-json\/wp\/v2\/product"}],"about":[{"href":"https:\/\/capsfoodsystemses.com\/es\/wp-json\/wp\/v2\/types\/product"}],"replies":[{"embeddable":true,"href":"https:\/\/capsfoodsystemses.com\/es\/wp-json\/wp\/v2\/comments?post=2692"}],"wp:featuredmedia":[{"embeddable":true,"href":"https:\/\/capsfoodsystemses.com\/es\/wp-json\/wp\/v2\/media\/1118"}],"wp:attachment":[{"href":"https:\/\/capsfoodsystemses.com\/es\/wp-json\/wp\/v2\/media?parent=2692"}],"wp:term":[{"taxonomy":"product_brand","embeddable":true,"href":"https:\/\/capsfoodsystemses.com\/es\/wp-json\/wp\/v2\/product_brand?post=2692"},{"taxonomy":"product_cat","embeddable":true,"href":"https:\/\/capsfoodsystemses.com\/es\/wp-json\/wp\/v2\/product_cat?post=2692"},{"taxonomy":"product_tag","embeddable":true,"href":"https:\/\/capsfoodsystemses.com\/es\/wp-json\/wp\/v2\/product_tag?post=2692"}],"curies":[{"name":"wp","href":"https:\/\/api.w.org\/{rel}","templated":true}]}}