{"id":2688,"date":"2024-02-11T15:01:56","date_gmt":"2024-02-11T14:01:56","guid":{"rendered":"https:\/\/capsfoodsystemses.com\/product\/black-algae-pearls-s-in-doypack\/"},"modified":"2025-05-06T15:56:27","modified_gmt":"2025-05-06T13:56:27","slug":"perlas-de-algas-negras-pasteurizadas-s-doypack","status":"publish","type":"product","link":"https:\/\/capsfoodsystemses.com\/es\/product\/perlas-de-algas-negras-pasteurizadas-s-doypack\/","title":{"rendered":"Perlas de ALGAS NEGRAS pasteurizadas"},"content":{"rendered":"<p>No s\u00f3lo es una alternativa vegana al caviar de pescado, sino tambi\u00e9n una fuente natural de vitaminas y minerales. El sabor y la estructura del caviar le sorprender\u00e1n por su similitud con el caviar tradicional y no le dejar\u00e1n indiferente.<\/p>\n","protected":false},"excerpt":{"rendered":"<p>No s\u00f3lo es una alternativa vegana al caviar de pescado, sino tambi\u00e9n una fuente natural de vitaminas y minerales. El sabor y la estructura del caviar le sorprender\u00e1n por su similitud con el caviar tradicional y no le dejar\u00e1n indiferente.<\/p>\n","protected":false},"featured_media":3101,"comment_status":"closed","ping_status":"closed","template":"","meta":[],"product_brand":[],"product_cat":[152],"product_tag":[170,185],"class_list":{"0":"post-2688","1":"product","2":"type-product","3":"status-publish","4":"has-post-thumbnail","6":"product_cat-vegan-pearls-es","7":"product_tag-caviar-cuanto-cuesta","8":"product_tag-producto-vegano","10":"first","11":"instock","12":"shipping-taxable","13":"purchasable","14":"product-type-variable"},"acf":[],"_links":{"self":[{"href":"https:\/\/capsfoodsystemses.com\/es\/wp-json\/wp\/v2\/product\/2688","targetHints":{"allow":["GET"]}}],"collection":[{"href":"https:\/\/capsfoodsystemses.com\/es\/wp-json\/wp\/v2\/product"}],"about":[{"href":"https:\/\/capsfoodsystemses.com\/es\/wp-json\/wp\/v2\/types\/product"}],"replies":[{"embeddable":true,"href":"https:\/\/capsfoodsystemses.com\/es\/wp-json\/wp\/v2\/comments?post=2688"}],"wp:featuredmedia":[{"embeddable":true,"href":"https:\/\/capsfoodsystemses.com\/es\/wp-json\/wp\/v2\/media\/3101"}],"wp:attachment":[{"href":"https:\/\/capsfoodsystemses.com\/es\/wp-json\/wp\/v2\/media?parent=2688"}],"wp:term":[{"taxonomy":"product_brand","embeddable":true,"href":"https:\/\/capsfoodsystemses.com\/es\/wp-json\/wp\/v2\/product_brand?post=2688"},{"taxonomy":"product_cat","embeddable":true,"href":"https:\/\/capsfoodsystemses.com\/es\/wp-json\/wp\/v2\/product_cat?post=2688"},{"taxonomy":"product_tag","embeddable":true,"href":"https:\/\/capsfoodsystemses.com\/es\/wp-json\/wp\/v2\/product_tag?post=2688"}],"curies":[{"name":"wp","href":"https:\/\/api.w.org\/{rel}","templated":true}]}}