{"id":2674,"date":"2024-02-09T16:03:53","date_gmt":"2024-02-09T14:03:53","guid":{"rendered":"https:\/\/capsfoodsystemses.com\/product\/red-tobi-caps-pearls-s-in-doypack\/"},"modified":"2024-04-22T23:55:42","modified_gmt":"2024-04-22T20:55:42","slug":"tobi-caps-perlas-rojas-s-doypack","status":"publish","type":"product","link":"https:\/\/capsfoodsystemses.com\/es\/product\/tobi-caps-perlas-rojas-s-doypack\/","title":{"rendered":"TOBI-CAPS perlas ROJAS"},"content":{"rendered":"<p>Caviar de algas para sushi, id\u00e9ntico en tama\u00f1o y sabor al caviar de pez volador. Seg\u00fan los Sous-chefs, es la mejor alternativa porque.<\/p>\n","protected":false},"excerpt":{"rendered":"<p>Caviar de algas para sushi, id\u00e9ntico en tama\u00f1o y sabor al caviar de pez volador. Seg\u00fan los Sous-chefs, es la mejor alternativa porque.<\/p>\n","protected":false},"featured_media":537,"comment_status":"closed","ping_status":"closed","template":"","meta":[],"product_brand":[],"product_cat":[112],"product_tag":[],"class_list":{"0":"post-2674","1":"product","2":"type-product","3":"status-publish","4":"has-post-thumbnail","6":"product_cat-caviar-pearls-es","8":"first","9":"instock","10":"shipping-taxable","11":"product-type-variable"},"acf":[],"_links":{"self":[{"href":"https:\/\/capsfoodsystemses.com\/es\/wp-json\/wp\/v2\/product\/2674","targetHints":{"allow":["GET"]}}],"collection":[{"href":"https:\/\/capsfoodsystemses.com\/es\/wp-json\/wp\/v2\/product"}],"about":[{"href":"https:\/\/capsfoodsystemses.com\/es\/wp-json\/wp\/v2\/types\/product"}],"replies":[{"embeddable":true,"href":"https:\/\/capsfoodsystemses.com\/es\/wp-json\/wp\/v2\/comments?post=2674"}],"wp:featuredmedia":[{"embeddable":true,"href":"https:\/\/capsfoodsystemses.com\/es\/wp-json\/wp\/v2\/media\/537"}],"wp:attachment":[{"href":"https:\/\/capsfoodsystemses.com\/es\/wp-json\/wp\/v2\/media?parent=2674"}],"wp:term":[{"taxonomy":"product_brand","embeddable":true,"href":"https:\/\/capsfoodsystemses.com\/es\/wp-json\/wp\/v2\/product_brand?post=2674"},{"taxonomy":"product_cat","embeddable":true,"href":"https:\/\/capsfoodsystemses.com\/es\/wp-json\/wp\/v2\/product_cat?post=2674"},{"taxonomy":"product_tag","embeddable":true,"href":"https:\/\/capsfoodsystemses.com\/es\/wp-json\/wp\/v2\/product_tag?post=2674"}],"curies":[{"name":"wp","href":"https:\/\/api.w.org\/{rel}","templated":true}]}}