{"id":2664,"date":"2024-02-08T18:54:18","date_gmt":"2024-02-08T17:54:18","guid":{"rendered":"https:\/\/capsfoodsystemses.com\/product\/pasteurized-pearls-with-sturgeon-s-in-doypack\/"},"modified":"2025-05-06T16:41:08","modified_gmt":"2025-05-06T14:41:08","slug":"perlas-de-esturion-2","status":"publish","type":"product","link":"https:\/\/capsfoodsystemses.com\/es\/product\/perlas-de-esturion-2\/","title":{"rendered":"Perlas de ESTURI\u00d3N"},"content":{"rendered":"<p>Un producto delicatessen con un sabor refinado, cada huevo estalla, revelando el exquisito sabor del caviar de esturi\u00f3n.<\/p>\n<p>Perlas con interior l\u00edquido de unos 3 mm de di\u00e1metro a base de salm\u00f3n y esturi\u00f3n. Con un sabor y textura muy similares a las huevas naturales de salm\u00f3n, nuestras perlas son una alternativa econ\u00f3mica perfecta a estas para recetas y canap\u00e9s.<\/p>\n","protected":false},"excerpt":{"rendered":"<p>Un producto delicatessen con un sabor refinado, cada huevo estalla, revelando el exquisito sabor del caviar de esturi\u00f3n. Perlas con interior l\u00edquido de unos 3 mm de di\u00e1metro a base de salm\u00f3n y esturi\u00f3n. Con un sabor y textura muy similares a las huevas naturales de salm\u00f3n, nuestras perlas son una alternativa econ\u00f3mica perfecta a [&hellip;]<\/p>\n","protected":false},"featured_media":2548,"comment_status":"closed","ping_status":"closed","template":"","meta":[],"product_brand":[],"product_cat":[112],"product_tag":[164,165,162],"class_list":{"0":"post-2664","1":"product","2":"type-product","3":"status-publish","4":"has-post-thumbnail","6":"product_cat-caviar-pearls-es","7":"product_tag-caviar-kaluga","8":"product_tag-caviar-near-me","9":"product_tag-caviar-price","11":"first","12":"instock","13":"shipping-taxable","14":"purchasable","15":"product-type-variable"},"acf":[],"_links":{"self":[{"href":"https:\/\/capsfoodsystemses.com\/es\/wp-json\/wp\/v2\/product\/2664","targetHints":{"allow":["GET"]}}],"collection":[{"href":"https:\/\/capsfoodsystemses.com\/es\/wp-json\/wp\/v2\/product"}],"about":[{"href":"https:\/\/capsfoodsystemses.com\/es\/wp-json\/wp\/v2\/types\/product"}],"replies":[{"embeddable":true,"href":"https:\/\/capsfoodsystemses.com\/es\/wp-json\/wp\/v2\/comments?post=2664"}],"wp:featuredmedia":[{"embeddable":true,"href":"https:\/\/capsfoodsystemses.com\/es\/wp-json\/wp\/v2\/media\/2548"}],"wp:attachment":[{"href":"https:\/\/capsfoodsystemses.com\/es\/wp-json\/wp\/v2\/media?parent=2664"}],"wp:term":[{"taxonomy":"product_brand","embeddable":true,"href":"https:\/\/capsfoodsystemses.com\/es\/wp-json\/wp\/v2\/product_brand?post=2664"},{"taxonomy":"product_cat","embeddable":true,"href":"https:\/\/capsfoodsystemses.com\/es\/wp-json\/wp\/v2\/product_cat?post=2664"},{"taxonomy":"product_tag","embeddable":true,"href":"https:\/\/capsfoodsystemses.com\/es\/wp-json\/wp\/v2\/product_tag?post=2664"}],"curies":[{"name":"wp","href":"https:\/\/api.w.org\/{rel}","templated":true}]}}