{"id":769,"date":"2023-05-08T10:52:14","date_gmt":"2023-05-08T07:52:14","guid":{"rendered":"http:\/\/cxk.tnd.mybluehost.me\/mozhlivosti\/"},"modified":"2023-05-31T17:48:28","modified_gmt":"2023-05-31T14:48:28","slug":"oportunidades","status":"publish","type":"page","link":"https:\/\/capsfoodsystemses.com\/es\/oportunidades\/","title":{"rendered":"Oportunidades"},"content":{"rendered":"<section id=\"page-banner-section-block_d2f5e4719cd9728b2f7bed886b50de4d\" class=\"cfs-page_banner_section\" style=\"background-image: url(https:\/\/capsfoodsystemses.com\/wp-content\/uploads\/2023\/05\/background-2-scaled-1.jpg)\">\n        <div class=\"cfs-page_banner_mobile d-lg-none\">\n        <img decoding=\"async\" src=\"https:\/\/capsfoodsystemses.com\/wp-content\/uploads\/2023\/05\/mobile-banner.jpg\" alt=\"mobile-banner\">\n    <\/div>\n        <div class=\"container\">\n                <div class=\"row\">\n            <div class=\"col-lg-7\"><\/div>\n            <div class=\"col-lg-5\">\n                <div class=\"cfs-section_title text-left\" data-aos=\"fade-up\" data-aos-delay=\"300\" data-aos-duration=\"700\">\n                                        <h3 class=\"gradient\">Proceso de encapsulaci\u00f3n<\/h3>\n                                        <h2 class=\"white\">INNOVACI\u00d3N Y TECNOLOG\u00cdA<\/h2>\n                    <p>Se pueden encapsular productos con diversas propiedades tecnol\u00f3gicas: zumos, salsas, productos l\u00e1cteos, caldos, decocciones, bebidas alcoh\u00f3licas y no alcoh\u00f3licas, pur\u00e9s, grasas y aceites. Las c\u00e1psulas tienen una forma esf\u00e9rica regular y un tama\u00f1o que var\u00eda entre 1,5 y 10,0 mm de di\u00e1metro.<\/p>\n                <\/div>\n            <\/div>\n        <\/div>\n            <\/div>\n<\/section>\n\n<section id=\"image-text-blocks-section-block_1815b7adcefa679d3198d9f8c7fd5904\" class=\"cfs-image_text_blocks_section\" style=\"background-image: url(https:\/\/capsfoodsystemses.com\/wp-content\/themes\/capsfoodsystems\/assets\/images\/black-background.jpg)\">\n            <div class=\"image d-lg-none\">\n            <img decoding=\"async\" src=\"https:\/\/capsfoodsystemses.com\/wp-content\/uploads\/2023\/05\/capabilities-npf.jpg\" alt=\"NUEVA FORMA DE PRODUCTO\">\n        <\/div>\n            <div class=\"image left d-none d-lg-block\" style=\"background-image: url(https:\/\/capsfoodsystemses.com\/wp-content\/uploads\/2023\/05\/capabilities-npf.jpg);\"><\/div>\n            <div class=\"container\">\n        <div class=\"row\">\n                    <div class=\"col-lg-6\"><\/div>\n                        <div class=\"col-lg-6\">\n                <div class=\"content right white\" data-aos=\"fade-up\" data-aos-delay=\"300\" data-aos-duration=\"700\">\n                                        <h3 class=\"gradient\"><span>Posibilidades de aplicaci\u00f3n<\/span><\/h3>\n                                        <h2 class=\"text-uppercase\">\n                        <span>NUEVA FORMA DE PRODUCTO<\/span>\n                    <\/h2>\n                    <p>Elaboraci\u00f3n de productos tradicionales y familiares en una nueva forma de producto. Creaci\u00f3n de una nueva forma alimentaria del producto, que ampl\u00eda las posibilidades de su uso &#8211; integridad del contenido interno (posibilidad de mezcla con otros ingredientes alimentarios), modelizaci\u00f3n del valor nutricional y biol\u00f3gico del producto (creaci\u00f3n de productos con un contenido determinado de nutrientes y un valor energ\u00e9tico determinado), formaci\u00f3n de nuevas propiedades funcionales y de producto b\u00e1sico.<\/p>\n                <\/div>\n            <\/div>\n                    <\/div>\n    <\/div>\n    <\/section>\n\n<section id=\"image-text-blocks-section-block_5375fb98ede9e69b322adad9806f1989\" class=\"cfs-image_text_blocks_section\" style=\"background-image: url(https:\/\/capsfoodsystemses.com\/wp-content\/themes\/capsfoodsystems\/assets\/images\/white-background.jpg)\">\n            <div class=\"image d-lg-none\">\n            <img decoding=\"async\" src=\"https:\/\/capsfoodsystemses.com\/wp-content\/uploads\/2023\/05\/image-2-1.jpg\" alt=\"VERSATILIDAD DEL PRODUCTO\">\n        <\/div>\n        <div class=\"container\">\n        <div class=\"row\">\n                    <div class=\"col-lg-6\">\n                <div class=\"content left\" data-aos=\"fade-up\" data-aos-delay=\"300\" data-aos-duration=\"700\">\n                                        <h3 class=\"gold\"><span>Propiedades f\u00edsicas<\/span><\/h3>\n                                        <h2 class=\"text-uppercase\">\n                        <span>VERSATILIDAD DEL PRODUCTO<\/span>\n                    <\/h2>\n                    <p>Creaci\u00f3n de productos que se adaptan a las t\u00e9cnicas tecnol\u00f3gicas y los m\u00e9todos de transformaci\u00f3n tradicionales y son estables en la gama de temperaturas de -18\u00b0C a +200\u00b0C con distintos valores de pH. Las cubiertas de las c\u00e1psulas pueden resistir el procesado tecnol\u00f3gico, el impacto mec\u00e1nico (mezclado intensivo), el tratamiento t\u00e9rmico (desde la pasteurizaci\u00f3n hasta la congelaci\u00f3n) y el almacenamiento a largo plazo.<\/p>\n                <\/div>\n            <\/div>\n                        <div class=\"col-lg-6\"><\/div>\n                    <\/div>\n    <\/div>\n            <div class=\"image right d-none d-lg-block\" style=\"background-image: url(https:\/\/capsfoodsystemses.com\/wp-content\/uploads\/2023\/05\/image-2-1.jpg);\"><\/div>\n        <\/section>\n\n<section id=\"image-text-blocks-section-block_ea394965ff65af72e088e1270dfe986f\" class=\"cfs-image_text_blocks_section\" style=\"background-image: url(https:\/\/capsfoodsystemses.com\/wp-content\/themes\/capsfoodsystems\/assets\/images\/black-background.jpg)\">\n            <div class=\"image d-lg-none\">\n            <img decoding=\"async\" src=\"https:\/\/capsfoodsystemses.com\/wp-content\/uploads\/2023\/05\/image-3-1.jpg\" alt=\"PRODUCCI\u00d3N A GRAN ESCALA\">\n        <\/div>\n            <div class=\"image left d-none d-lg-block\" style=\"background-image: url(https:\/\/capsfoodsystemses.com\/wp-content\/uploads\/2023\/05\/image-3-1.jpg);\"><\/div>\n            <div class=\"container\">\n        <div class=\"row\">\n                    <div class=\"col-lg-6\"><\/div>\n                        <div class=\"col-lg-6\">\n                <div class=\"content right white\" data-aos=\"fade-up\" data-aos-delay=\"300\" data-aos-duration=\"700\">\n                                        <h3 class=\"gradient\"><span>Instalaciones de producci\u00f3n<\/span><\/h3>\n                                        <h2 class=\"text-uppercase\">\n                        <span>PRODUCCI\u00d3N A GRAN ESCALA<\/span>\n                    <\/h2>\n                    <p>Instalaciones de producci\u00f3n que permiten fabricar hasta 50 toneladas de productos acabados al mes. El uso de equipos modernos patentados para la encapsulaci\u00f3n de sistemas hidr\u00f3filos e hidr\u00f3fobos para producir c\u00e1psulas, permite intensificar los procesos tecnol\u00f3gicos, adaptar y fabricar productos seg\u00fan los pedidos individuales de los clientes.<\/p>\n                <\/div>\n            <\/div>\n                    <\/div>\n    <\/div>\n    <\/section>\n\n<section id=\"process-blocks-section-block_6dac567cb307275edacd822c813c1b6d\" class=\"cfs-process_blocks_section\">\n    <div class=\"container\">\n                <div class=\"row\">\n            <div class=\"col-lg-12\">\n                <div class=\"cfs-section_title text-center\" data-aos=\"fade-up\" data-aos-delay=\"300\" data-aos-duration=\"700\">\n                                    <h3 class=\"gold\">El proceso de creaci\u00f3n<\/h3>\n                                    <h2>EL CICLO DE PRODUCCI\u00d3N<\/h2>\n                                <\/div>\n            <\/div>\n        <\/div>\n                <div class=\"row justify-content-center\">\n                        <div class=\"col-md-4 col-lg cfs-process_column\">\n                <div class=\"cfs-process_block text-center d-none d-lg-block\" data-aos=\"fade-up\" data-aos-delay=\"300\" data-aos-duration=\"700\">\n                                        <div class=\"icon\">\n                        <img decoding=\"async\" src=\"https:\/\/capsfoodsystemses.com\/wp-content\/uploads\/2023\/05\/icon-1-1.svg\" alt=\"icon-1\">\n                    <\/div>\n                                        <div class=\"text\"><h6>El ingrediente principal<\/h6><\/div>\n                                    <\/div>\n            <\/div>\n                        <div class=\"col-md-4 col-lg cfs-process_column\">\n                <div class=\"cfs-process_block text-center d-none d-lg-block\" data-aos=\"fade-up\" data-aos-delay=\"500\" data-aos-duration=\"700\">\n                                        <div class=\"icon\">\n                        <img decoding=\"async\" src=\"https:\/\/capsfoodsystemses.com\/wp-content\/uploads\/2023\/05\/icon-2-1.svg\" alt=\"icon-2\">\n                    <\/div>\n                                        <div class=\"text\"><h6>El proceso de encapsulaci\u00f3n<\/h6><\/div>\n                                    <\/div>\n            <\/div>\n                        <div class=\"col-md-4 col-lg cfs-process_column\">\n                <div class=\"cfs-process_block text-center d-none d-lg-block\" data-aos=\"fade-up\" data-aos-delay=\"700\" data-aos-duration=\"700\">\n                                        <div class=\"icon\">\n                        <img decoding=\"async\" src=\"https:\/\/capsfoodsystemses.com\/wp-content\/uploads\/2023\/05\/icon-3-1.svg\" alt=\"icon-3\">\n                    <\/div>\n                                        <div class=\"text\"><h6>Nueva forma del producto<\/h6><\/div>\n                                    <\/div>\n            <\/div>\n                        <div class=\"col-md-4 col-lg cfs-process_column\">\n                <div class=\"cfs-process_block text-center d-none d-lg-block\" data-aos=\"fade-up\" data-aos-delay=\"900\" data-aos-duration=\"700\">\n                                        <div class=\"icon\">\n                        <img decoding=\"async\" src=\"https:\/\/capsfoodsystemses.com\/wp-content\/uploads\/2023\/05\/icon-4-1.svg\" alt=\"icon-4\">\n                    <\/div>\n                                        <div class=\"text\"><h6>Nuevo m\u00e9todo r\u00e1pido de aplicaci\u00f3n<\/h6><\/div>\n                                    <\/div>\n            <\/div>\n                    <\/div>\n        <div class=\"row justify-content-center\">\n            <div class=\"col-12\">\n                <div class=\"cfs-process_blocks_slider d-lg-none\" data-aos=\"fade-up\" data-aos-delay=\"1100\" data-aos-duration=\"700\">\n                    <div class=\"swiper-wrapper\">\n                                                <div class=\"swiper-slide\">\n                            <div class=\"cfs-process_block text-center\">\n                                                                <div class=\"icon\">\n                                    <img decoding=\"async\" src=\"https:\/\/capsfoodsystemses.com\/wp-content\/uploads\/2023\/05\/icon-1-1.svg\" alt=\"icon-1\">\n                                <\/div>\n                                                                <div class=\"text\"><h6>El ingrediente principal<\/h6><\/div>\n                                                            <\/div>\n                        <\/div>\n                                                <div class=\"swiper-slide\">\n                            <div class=\"cfs-process_block text-center\">\n                                                                <div class=\"icon\">\n                                    <img decoding=\"async\" src=\"https:\/\/capsfoodsystemses.com\/wp-content\/uploads\/2023\/05\/icon-2-1.svg\" alt=\"icon-2\">\n                                <\/div>\n                                                                <div class=\"text\"><h6>El proceso de encapsulaci\u00f3n<\/h6><\/div>\n                                                            <\/div>\n                        <\/div>\n                                                <div class=\"swiper-slide\">\n                            <div class=\"cfs-process_block text-center\">\n                                                                <div class=\"icon\">\n                                    <img decoding=\"async\" src=\"https:\/\/capsfoodsystemses.com\/wp-content\/uploads\/2023\/05\/icon-3-1.svg\" alt=\"icon-3\">\n                                <\/div>\n                                                                <div class=\"text\"><h6>Nueva forma del producto<\/h6><\/div>\n                                                            <\/div>\n                        <\/div>\n                                                <div class=\"swiper-slide\">\n                            <div class=\"cfs-process_block text-center\">\n                                                                <div class=\"icon\">\n                                    <img decoding=\"async\" src=\"https:\/\/capsfoodsystemses.com\/wp-content\/uploads\/2023\/05\/icon-4-1.svg\" alt=\"icon-4\">\n                                <\/div>\n                                                                <div class=\"text\"><h6>Nuevo m\u00e9todo r\u00e1pido de aplicaci\u00f3n<\/h6><\/div>\n                                                            <\/div>\n                        <\/div>\n                                            <\/div>\n                    <div class=\"swiper-button swiper-button-prev\">\n                        <svg width=\"21\" height=\"25\" viewBox=\"0 0 21 25\" fill=\"none\" xmlns=\"http:\/\/www.w3.org\/2000\/svg\">\n                        <path d=\"M20.2984 23.6079C19.5653 20.3039 17.6638 17.9193 15.1497 16.022C11.0588 12.9304 5.62216 10.0074 0.657547 12.3407C6.49256 14.4176 9.4787 14.7179 13.5763 17.4688C15.9832 19.0842 18.2195 21.1574 19.3778 24.0328C19.6155 24.6225 20.429 24.1939 20.2984 23.6079Z\" fill=\"#B57E11\"\/>\n                        <path d=\"M20.2984 0.707124C19.5653 4.01108 17.6638 6.39565 15.1497 8.29304C11.9225 10.7289 6.05736 14.7288 2.18744 11.879C5.96697 10.7692 10.2319 9.09156 13.5763 6.84619C15.9832 5.23084 18.2195 3.15762 19.3778 0.282225C19.6155 -0.307507 20.429 0.121056 20.2984 0.707124Z\" fill=\"#B57E11\"\/>\n                        <\/svg>\n                    <\/div>\n                    <div class=\"swiper-button swiper-button-next\">\n                        <svg width=\"21\" height=\"25\" viewBox=\"0 0 21 25\" fill=\"none\" xmlns=\"http:\/\/www.w3.org\/2000\/svg\">\n                        <path d=\"M0.0140925 23.6079C0.747235 20.3039 2.64872 17.9193 5.16283 16.022C9.2537 12.9304 14.6903 10.0074 19.655 12.3407C13.8199 14.4176 10.8338 14.7179 6.73624 17.4688C4.32925 19.0842 2.093 21.1574 0.934705 24.0328C0.69702 24.6225 -0.116467 24.1939 0.0140925 23.6079Z\" fill=\"#B57E11\"\/>\n                        <path d=\"M0.014092 0.707124C0.747235 4.01108 2.64872 6.39565 5.16283 8.29304C8.39 10.7289 14.2551 14.7288 18.1251 11.879C14.3455 10.7692 10.0806 9.09156 6.73624 6.84619C4.32925 5.23084 2.093 3.15762 0.934705 0.282225C0.697019 -0.307507 -0.116468 0.121056 0.014092 0.707124Z\" fill=\"#B57E11\"\/>\n                        <\/svg>\n                    <\/div>\n                <\/div>\n            <\/div>\n        <\/div>\n            <\/div>\n<\/section>","protected":false},"excerpt":{"rendered":"","protected":false},"author":1,"featured_media":0,"parent":0,"menu_order":0,"comment_status":"closed","ping_status":"closed","template":"","meta":{"footnotes":""},"class_list":["post-769","page","type-page","status-publish","hentry"],"acf":[],"_links":{"self":[{"href":"https:\/\/capsfoodsystemses.com\/es\/wp-json\/wp\/v2\/pages\/769","targetHints":{"allow":["GET"]}}],"collection":[{"href":"https:\/\/capsfoodsystemses.com\/es\/wp-json\/wp\/v2\/pages"}],"about":[{"href":"https:\/\/capsfoodsystemses.com\/es\/wp-json\/wp\/v2\/types\/page"}],"author":[{"embeddable":true,"href":"https:\/\/capsfoodsystemses.com\/es\/wp-json\/wp\/v2\/users\/1"}],"replies":[{"embeddable":true,"href":"https:\/\/capsfoodsystemses.com\/es\/wp-json\/wp\/v2\/comments?post=769"}],"version-history":[{"count":0,"href":"https:\/\/capsfoodsystemses.com\/es\/wp-json\/wp\/v2\/pages\/769\/revisions"}],"wp:attachment":[{"href":"https:\/\/capsfoodsystemses.com\/es\/wp-json\/wp\/v2\/media?parent=769"}],"curies":[{"name":"wp","href":"https:\/\/api.w.org\/{rel}","templated":true}]}}