{"id":755,"date":"2023-05-23T21:41:40","date_gmt":"2023-05-23T18:41:40","guid":{"rendered":"http:\/\/cxk.tnd.mybluehost.me\/produktsiya\/"},"modified":"2024-04-16T00:22:03","modified_gmt":"2024-04-15T21:22:03","slug":"productos","status":"publish","type":"page","link":"https:\/\/capsfoodsystemses.com\/es\/productos\/","title":{"rendered":"Productos"},"content":{"rendered":"<section id=\"our-products-section-block_eee1cdc57541ba339d61e35b33d9fe6d\" class=\"cfs-our_products_section padding\">\n    <div class=\"container\">\n                <div class=\"row\">\n            <div class=\"col-lg-12\">\n                <div class=\"cfs-section_title text-center\" data-aos=\"fade-up\" data-aos-delay=\"300\" data-aos-duration=\"700\">\n                                    <h2 class=\"white\">Nuestros productos<\/h2>\n                                <\/div>\n            <\/div>\n        <\/div>\n                    <div class=\"row\">\n                <div class=\"col-lg-12\">\n                    <div class=\"cfs-our_products_categories\" data-aos=\"fade-up\" data-aos-delay=\"300\" data-aos-duration=\"700\">\n                                                <div class=\"cfs-our_products_category active\" data-id=\"112\">Caviar Pearls<\/div>\n                                                <div class=\"cfs-our_products_category\" data-id=\"152\">Vegan Pearls<\/div>\n                                                <div class=\"cfs-our_products_category\" data-id=\"148\">Fruit Pearls<\/div>\n                                                <div class=\"cfs-our_products_category\" data-id=\"151\">S\u0430u\u0441e Pearls<\/div>\n                                                <div class=\"cfs-our_products_category\" data-id=\"149\">Milk Pearls<\/div>\n                                                <div class=\"cfs-our_products_category\" data-id=\"150\">Olive Pearls<\/div>\n                                            <\/div>\n                                        <div class=\"cfs-our_products_slider\" data-aos=\"fade-up\" data-aos-delay=\"300\" data-aos-duration=\"700\">\n                        <div class=\"swiper-wrapper\">\n                                                        <div class=\"swiper-slide\">\n                                <a href=\"https:\/\/capsfoodsystemses.com\/es\/product\/pack-aperitivo-perlas-de-salmon-y-esturion-3-x-100-g\/\" class=\"cfs-our_product_block text-center\" id=\"product-4882\">\n\t\t<div class=\"image\">\n\t\t<img decoding=\"async\" src=\"https:\/\/capsfoodsystemses.com\/wp-content\/uploads\/2026\/03\/esturion2salmon3.png\" alt=\"Pack Aperitivo \u2013 Perlas de Salm\u00f3n y Esturi\u00f3n (3 x 100 g)\">\n\t<\/div>\n\t\t<div class=\"title\">\n\t\t<p>Pack Aperitivo \u2013 Perlas de Salm\u00f3n y Esturi\u00f3n (3 x 100 g)<\/p>\n\t<\/div>\n<\/a>                            <\/div>\n                                                        <div class=\"swiper-slide\">\n                                <a href=\"https:\/\/capsfoodsystemses.com\/es\/product\/pack-aperitivo-perlas-de-esturion-y-salmon-3-x-100-g\/\" class=\"cfs-our_product_block text-center\" id=\"product-4932\">\n\t\t<div class=\"image\">\n\t\t<img decoding=\"async\" src=\"https:\/\/capsfoodsystemses.com\/wp-content\/uploads\/2026\/04\/2esturionsalmon.png\" alt=\"Pack Aperitivo \u2013 Perlas de Esturi\u00f3n y Salm\u00f3n  (3 x 100 g)\">\n\t<\/div>\n\t\t<div class=\"title\">\n\t\t<p>Pack Aperitivo \u2013 Perlas de Esturi\u00f3n y Salm\u00f3n  (3 x 100 g)<\/p>\n\t<\/div>\n<\/a>                            <\/div>\n                                                        <div class=\"swiper-slide\">\n                                <a href=\"https:\/\/capsfoodsystemses.com\/es\/product\/perlas-de-esturion\/\" class=\"cfs-our_product_block text-center\" id=\"product-2658\">\n\t\t<div class=\"image\">\n\t\t<img decoding=\"async\" src=\"https:\/\/capsfoodsystemses.com\/wp-content\/uploads\/2023\/05\/caviares-01-sturgeon.png\" alt=\"Perlas de ESTURI\u00d3N\">\n\t<\/div>\n\t\t<div class=\"title\">\n\t\t<p>Perlas de ESTURI\u00d3N<\/p>\n\t<\/div>\n<\/a>                            <\/div>\n                                                        <div class=\"swiper-slide\">\n                                <a href=\"https:\/\/capsfoodsystemses.com\/es\/product\/perlas-de-esturion-100g-5-1\/\" class=\"cfs-our_product_block text-center\" id=\"product-3689\">\n\t\t<div class=\"image\">\n\t\t<img decoding=\"async\" src=\"https:\/\/capsfoodsystemses.com\/wp-content\/uploads\/2024\/11\/promo_esturion.png\" alt=\"Perlas de ESTURI\u00d3N 100 g 5+1\">\n\t<\/div>\n\t\t<div class=\"title\">\n\t\t<p>Perlas de ESTURI\u00d3N 100 g 5+1<\/p>\n\t<\/div>\n<\/a>                            <\/div>\n                                                        <div class=\"swiper-slide\">\n                                <a href=\"https:\/\/capsfoodsystemses.com\/es\/product\/perlas-de-salmon-100g-5-1\/\" class=\"cfs-our_product_block text-center\" id=\"product-3681\">\n\t\t<div class=\"image\">\n\t\t<img decoding=\"async\" src=\"https:\/\/capsfoodsystemses.com\/wp-content\/uploads\/2024\/11\/promo_salmon_1.png\" alt=\"Perlas de SALM\u00d3N 100 g 5+1\">\n\t<\/div>\n\t\t<div class=\"title\">\n\t\t<p>Perlas de SALM\u00d3N 100 g 5+1<\/p>\n\t<\/div>\n<\/a>                            <\/div>\n                                                        <div class=\"swiper-slide\">\n                                <a href=\"https:\/\/capsfoodsystemses.com\/es\/product\/perlas-de-salmon-500g-5-1\/\" class=\"cfs-our_product_block text-center\" id=\"product-3691\">\n\t\t<div class=\"image\">\n\t\t<img decoding=\"async\" src=\"https:\/\/capsfoodsystemses.com\/wp-content\/uploads\/2024\/11\/promo_salmon_500_.png\" alt=\"Perlas de SALM\u00d3N 500 g 5+1\">\n\t<\/div>\n\t\t<div class=\"title\">\n\t\t<p>Perlas de SALM\u00d3N 500 g 5+1<\/p>\n\t<\/div>\n<\/a>                            <\/div>\n                                                        <div class=\"swiper-slide\">\n                                <a href=\"https:\/\/capsfoodsystemses.com\/es\/product\/perlas-de-esturion-500g-5-1\/\" class=\"cfs-our_product_block text-center\" id=\"product-3692\">\n\t\t<div class=\"image\">\n\t\t<img decoding=\"async\" src=\"https:\/\/capsfoodsystemses.com\/wp-content\/uploads\/2024\/11\/promo_esturion-500.png\" alt=\"Perlas de ESTURI\u00d3N 500 g 5+1\">\n\t<\/div>\n\t\t<div class=\"title\">\n\t\t<p>Perlas de ESTURI\u00d3N 500 g 5+1<\/p>\n\t<\/div>\n<\/a>                            <\/div>\n                                                        <div class=\"swiper-slide\">\n                                <a href=\"https:\/\/capsfoodsystemses.com\/es\/product\/perlas-de-esturion-2\/\" class=\"cfs-our_product_block text-center\" id=\"product-2664\">\n\t\t<div class=\"image\">\n\t\t<img decoding=\"async\" src=\"https:\/\/capsfoodsystemses.com\/wp-content\/uploads\/2024\/02\/caviares-sturgeon-doypack.png\" alt=\"Perlas de ESTURI\u00d3N\">\n\t<\/div>\n\t\t<div class=\"title\">\n\t\t<p>Perlas de ESTURI\u00d3N<\/p>\n\t<\/div>\n<\/a>                            <\/div>\n                                                        <div class=\"swiper-slide\">\n                                <a href=\"https:\/\/capsfoodsystemses.com\/es\/product\/perlas-de-salmon-2\/\" class=\"cfs-our_product_block text-center\" id=\"product-2670\">\n\t\t<div class=\"image\">\n\t\t<img decoding=\"async\" src=\"https:\/\/capsfoodsystemses.com\/wp-content\/uploads\/2023\/05\/caviares-02-salmon.png\" alt=\"Perlas de SALM\u00d3N\">\n\t<\/div>\n\t\t<div class=\"title\">\n\t\t<p>Perlas de SALM\u00d3N<\/p>\n\t<\/div>\n<\/a>                            <\/div>\n                                                        <div class=\"swiper-slide\">\n                                <a href=\"https:\/\/capsfoodsystemses.com\/es\/product\/perlas-de-salmon\/\" class=\"cfs-our_product_block text-center\" id=\"product-2671\">\n\t\t<div class=\"image\">\n\t\t<img decoding=\"async\" src=\"https:\/\/capsfoodsystemses.com\/wp-content\/uploads\/2024\/02\/caviares-salmon-doypack-500.png\" alt=\"Perlas de SALM\u00d3N\">\n\t<\/div>\n\t\t<div class=\"title\">\n\t\t<p>Perlas de SALM\u00d3N<\/p>\n\t<\/div>\n<\/a>                            <\/div>\n                                                        <div class=\"swiper-slide\">\n                                <a href=\"https:\/\/capsfoodsystemses.com\/es\/product\/perlas-de-esturion-pasteurizadas-prime-s-cristal\/\" class=\"cfs-our_product_block text-center\" id=\"product-2640\">\n\t\t<div class=\"image\">\n\t\t<img decoding=\"async\" src=\"https:\/\/capsfoodsystemses.com\/wp-content\/uploads\/2024\/01\/caviares-01-sturgeon-prime-glass-100.png\" alt=\"Perlas de ESTURI\u00d3N pasteurizadas prime\">\n\t<\/div>\n\t\t<div class=\"title\">\n\t\t<p>Perlas de ESTURI\u00d3N pasteurizadas prime<\/p>\n\t<\/div>\n<\/a>                            <\/div>\n                                                        <div class=\"swiper-slide\">\n                                <a href=\"https:\/\/capsfoodsystemses.com\/es\/product\/tobi-caps-perlas-negras-s-doypack\/\" class=\"cfs-our_product_block text-center\" id=\"product-2672\">\n\t\t<div class=\"image\">\n\t\t<img decoding=\"async\" src=\"https:\/\/capsfoodsystemses.com\/wp-content\/uploads\/2023\/05\/veganes-03-tobiko-black.png\" alt=\"TOBI-CAPS perlas NEGRAS\">\n\t<\/div>\n\t\t<div class=\"title\">\n\t\t<p>TOBI-CAPS perlas NEGRAS<\/p>\n\t<\/div>\n<\/a>                            <\/div>\n                                                        <div class=\"swiper-slide\">\n                                <a href=\"https:\/\/capsfoodsystemses.com\/es\/product\/tobi-caps-perlas-rojas-s-doypack\/\" class=\"cfs-our_product_block text-center\" id=\"product-2674\">\n\t\t<div class=\"image\">\n\t\t<img decoding=\"async\" src=\"https:\/\/capsfoodsystemses.com\/wp-content\/uploads\/2023\/05\/caviares-05-tobi-r.png\" alt=\"TOBI-CAPS perlas ROJAS\">\n\t<\/div>\n\t\t<div class=\"title\">\n\t\t<p>TOBI-CAPS perlas ROJAS<\/p>\n\t<\/div>\n<\/a>                            <\/div>\n                                                        <div class=\"swiper-slide\">\n                                <a href=\"https:\/\/capsfoodsystemses.com\/es\/product\/tobi-caps-perlas-doradas-s-doypack\/\" class=\"cfs-our_product_block text-center\" id=\"product-2673\">\n\t\t<div class=\"image\">\n\t\t<img decoding=\"async\" src=\"https:\/\/capsfoodsystemses.com\/wp-content\/uploads\/2023\/05\/caviares-04-tobi-g.png\" alt=\"TOBI-CAPS perlas DORADAS\">\n\t<\/div>\n\t\t<div class=\"title\">\n\t\t<p>TOBI-CAPS perlas DORADAS<\/p>\n\t<\/div>\n<\/a>                            <\/div>\n                                                    <\/div>\n                    <\/div>\n                                    <\/div>\n            <\/div>\n                        <div class=\"row justify-content-center\">\n                <div class=\"col-lg-8\">\n                    <div class=\"cfs-our_products_content\" data-aos=\"fade-up\" data-aos-delay=\"300\" data-aos-duration=\"700\">\n                                                <div class=\"logo\">\n                            <img decoding=\"async\" src=\"https:\/\/capsfoodsystemses.com\/wp-content\/uploads\/2024\/02\/category-logo-1.svg\" alt=\"Caviar Pearls\">\n                        <\/div>\n                                                <div class=\"text\"><p>Una serie de delicias con un refinado sabor, cada huevo estalla para revelar el exquisito sabor del caviar. La l\u00ednea incluye una serie de caviar de algas marinas de tama\u00f1o y sabor id\u00e9nticos a los del caviar de pescado.<\/p><\/div>\n                                            <\/div>\n                <\/div>\n            <\/div>\n                <\/div>\n<\/section>","protected":false},"excerpt":{"rendered":"","protected":false},"author":1,"featured_media":0,"parent":0,"menu_order":0,"comment_status":"closed","ping_status":"closed","template":"","meta":{"footnotes":""},"class_list":["post-755","page","type-page","status-publish","hentry"],"acf":[],"_links":{"self":[{"href":"https:\/\/capsfoodsystemses.com\/es\/wp-json\/wp\/v2\/pages\/755","targetHints":{"allow":["GET"]}}],"collection":[{"href":"https:\/\/capsfoodsystemses.com\/es\/wp-json\/wp\/v2\/pages"}],"about":[{"href":"https:\/\/capsfoodsystemses.com\/es\/wp-json\/wp\/v2\/types\/page"}],"author":[{"embeddable":true,"href":"https:\/\/capsfoodsystemses.com\/es\/wp-json\/wp\/v2\/users\/1"}],"replies":[{"embeddable":true,"href":"https:\/\/capsfoodsystemses.com\/es\/wp-json\/wp\/v2\/comments?post=755"}],"version-history":[{"count":2,"href":"https:\/\/capsfoodsystemses.com\/es\/wp-json\/wp\/v2\/pages\/755\/revisions"}],"predecessor-version":[{"id":3213,"href":"https:\/\/capsfoodsystemses.com\/es\/wp-json\/wp\/v2\/pages\/755\/revisions\/3213"}],"wp:attachment":[{"href":"https:\/\/capsfoodsystemses.com\/es\/wp-json\/wp\/v2\/media?parent=755"}],"curies":[{"name":"wp","href":"https:\/\/api.w.org\/{rel}","templated":true}]}}